{"id":462,"date":"2021-02-24T12:07:58","date_gmt":"2021-02-24T12:07:58","guid":{"rendered":"https:\/\/finquescompte.com\/comunitats\/"},"modified":"2021-02-24T12:08:10","modified_gmt":"2021-02-24T12:08:10","slug":"comunitats-finques-compte-figueres-girona","status":"publish","type":"page","link":"https:\/\/finquescompte.com\/ca\/comunitats-finques-compte-figueres-girona\/","title":{"rendered":"Comunitats"},"content":{"rendered":"\n<p>A Finques Compte estem especialitzats en Administraci\u00f3 de Comunitats de Propietaris. M\u00e9s de 30 anys d&#8217;experi\u00e8ncia ens avalen per exercir amb professionalitat i total confian\u00e7a.<\/p>\n\n\n\n<p>Manel Compte Bosch pertany al Col\u00b7legi d&#8217;Administradors de Girona, un fet que d\u00f3na totes les garanties de que la seva Comunitat de Propietaris est\u00e0 en mans de professionals que vetllen perqu\u00e8 el seu edifici estigui acord amb la normativa vigent en tot moment.<\/p>\n\n\n\n<p>L&#8217;Administrador gestiona la seva finca, fa medici\u00f3 en conflictes ve\u00efnals, liquida els impostos que genera qualsevol propietat, est\u00e0 preparat per la futura rehabilitaci\u00f3 de la finca i de tota classe de tasques que comporten. La gesti\u00f3 al dia de tot aix\u00f2 es tradueix en tranquil\u00b7litat i rendibilitat per la seva vivenda.<\/p>\n\n\n\n<figure class=\"wp-block-image size-large\"><img fetchpriority=\"high\" decoding=\"async\" width=\"327\" height=\"435\" src=\"https:\/\/finquescompte.com\/wp-content\/uploads\/2021\/02\/Cat_OpcioMove.gif\" alt=\"\" class=\"wp-image-458\"\/><\/figure>\n","protected":false},"excerpt":{"rendered":"<p>A Finques Compte estem especialitzats en Administraci\u00f3 de Comunitats de Propietaris. M\u00e9s de 30 anys d&#8217;experi\u00e8ncia ens avalen per exercir amb professionalitat i total confian\u00e7a. Manel Compte Bosch pertany al Col\u00b7legi d&#8217;Administradors de Girona, un fet que d\u00f3na totes les garanties de que la seva Comunitat de Propietaris est\u00e0 en mans de professionals que vetllen&hellip;&nbsp;<a href=\"https:\/\/finquescompte.com\/ca\/comunitats-finques-compte-figueres-girona\/\" rel=\"bookmark\">Llegiu m\u00e9s &raquo;<span class=\"screen-reader-text\">Comunitats<\/span><\/a><\/p>\n","protected":false},"author":1,"featured_media":0,"parent":0,"menu_order":0,"comment_status":"closed","ping_status":"closed","template":"","meta":{"_exactmetrics_skip_tracking":false,"_exactmetrics_sitenote_active":false,"_exactmetrics_sitenote_note":"","_exactmetrics_sitenote_category":0,"neve_meta_sidebar":"right","neve_meta_container":"","neve_meta_enable_content_width":"off","neve_meta_content_width":100,"neve_meta_title_alignment":"","neve_meta_author_avatar":"","neve_post_elements_order":"","neve_meta_disable_header":"","neve_meta_disable_footer":"","neve_meta_disable_title":"","footnotes":""},"class_list":["post-462","page","type-page","status-publish","hentry"],"yoast_head":"<!-- This site is optimized with the Yoast SEO plugin v27.6 - https:\/\/yoast.com\/product\/yoast-seo-wordpress\/ -->\n<title>Comunitats - Finques Compte immobili\u00e0ria a Figueres<\/title>\n<meta name=\"robots\" content=\"index, follow, max-snippet:-1, max-image-preview:large, max-video-preview:-1\" \/>\n<link rel=\"canonical\" href=\"https:\/\/finquescompte.com\/ca\/comunitats-finques-compte-figueres-girona\/\" \/>\n<meta property=\"og:locale\" content=\"ca_ES\" \/>\n<meta property=\"og:type\" content=\"article\" \/>\n<meta property=\"og:title\" content=\"Comunitats - Finques Compte immobili\u00e0ria a Figueres\" \/>\n<meta property=\"og:description\" content=\"A Finques Compte estem especialitzats en Administraci\u00f3 de Comunitats de Propietaris. M\u00e9s de 30 anys d&#8217;experi\u00e8ncia ens avalen per exercir amb professionalitat i total confian\u00e7a. Manel Compte Bosch pertany al Col\u00b7legi d&#8217;Administradors de Girona, un fet que d\u00f3na totes les garanties de que la seva Comunitat de Propietaris est\u00e0 en mans de professionals que vetllen&hellip;&nbsp;Llegiu m\u00e9s &raquo;Comunitats\" \/>\n<meta property=\"og:url\" content=\"https:\/\/finquescompte.com\/ca\/comunitats-finques-compte-figueres-girona\/\" \/>\n<meta property=\"og:site_name\" content=\"Finques Compte immobili\u00e0ria a Figueres\" \/>\n<meta property=\"article:publisher\" content=\"https:\/\/www.facebook.com\/Manel-Compte-1114692618658850\" \/>\n<meta property=\"article:modified_time\" content=\"2021-02-24T12:08:10+00:00\" \/>\n<meta property=\"og:image\" content=\"https:\/\/finquescompte.com\/wp-content\/uploads\/2021\/02\/Cat_OpcioMove.gif\" \/>\n<meta name=\"twitter:card\" content=\"summary_large_image\" \/>\n<meta name=\"twitter:label1\" content=\"Temps estimat de lectura\" \/>\n\t<meta name=\"twitter:data1\" content=\"1 minut\" \/>\n<script type=\"application\/ld+json\" class=\"yoast-schema-graph\">{\"@context\":\"https:\\\/\\\/schema.org\",\"@graph\":[{\"@type\":\"WebPage\",\"@id\":\"https:\\\/\\\/finquescompte.com\\\/ca\\\/comunitats-finques-compte-figueres-girona\\\/\",\"url\":\"https:\\\/\\\/finquescompte.com\\\/ca\\\/comunitats-finques-compte-figueres-girona\\\/\",\"name\":\"Comunitats - Finques Compte immobili\u00e0ria a Figueres\",\"isPartOf\":{\"@id\":\"https:\\\/\\\/finquescompte.com\\\/#website\"},\"primaryImageOfPage\":{\"@id\":\"https:\\\/\\\/finquescompte.com\\\/ca\\\/comunitats-finques-compte-figueres-girona\\\/#primaryimage\"},\"image\":{\"@id\":\"https:\\\/\\\/finquescompte.com\\\/ca\\\/comunitats-finques-compte-figueres-girona\\\/#primaryimage\"},\"thumbnailUrl\":\"https:\\\/\\\/finquescompte.com\\\/wp-content\\\/uploads\\\/2021\\\/02\\\/Cat_OpcioMove.gif\",\"datePublished\":\"2021-02-24T12:07:58+00:00\",\"dateModified\":\"2021-02-24T12:08:10+00:00\",\"breadcrumb\":{\"@id\":\"https:\\\/\\\/finquescompte.com\\\/ca\\\/comunitats-finques-compte-figueres-girona\\\/#breadcrumb\"},\"inLanguage\":\"ca\",\"potentialAction\":[{\"@type\":\"ReadAction\",\"target\":[\"https:\\\/\\\/finquescompte.com\\\/ca\\\/comunitats-finques-compte-figueres-girona\\\/\"]}]},{\"@type\":\"ImageObject\",\"inLanguage\":\"ca\",\"@id\":\"https:\\\/\\\/finquescompte.com\\\/ca\\\/comunitats-finques-compte-figueres-girona\\\/#primaryimage\",\"url\":\"https:\\\/\\\/finquescompte.com\\\/wp-content\\\/uploads\\\/2021\\\/02\\\/Cat_OpcioMove.gif\",\"contentUrl\":\"https:\\\/\\\/finquescompte.com\\\/wp-content\\\/uploads\\\/2021\\\/02\\\/Cat_OpcioMove.gif\"},{\"@type\":\"BreadcrumbList\",\"@id\":\"https:\\\/\\\/finquescompte.com\\\/ca\\\/comunitats-finques-compte-figueres-girona\\\/#breadcrumb\",\"itemListElement\":[{\"@type\":\"ListItem\",\"position\":1,\"name\":\"Portada\",\"item\":\"https:\\\/\\\/finquescompte.com\\\/ca\\\/\"},{\"@type\":\"ListItem\",\"position\":2,\"name\":\"Comunitats\"}]},{\"@type\":\"WebSite\",\"@id\":\"https:\\\/\\\/finquescompte.com\\\/#website\",\"url\":\"https:\\\/\\\/finquescompte.com\\\/\",\"name\":\"Finques Compte inmobiliaria en Figueres, Girona.\",\"description\":\"Si vol vendre, comprar o busca lloguer, l 'ajudarem a gestionar-ho o trobar la seva casa, pis, apartament, local, garatge.\",\"publisher\":{\"@id\":\"https:\\\/\\\/finquescompte.com\\\/#organization\"},\"potentialAction\":[{\"@type\":\"SearchAction\",\"target\":{\"@type\":\"EntryPoint\",\"urlTemplate\":\"https:\\\/\\\/finquescompte.com\\\/?s={search_term_string}\"},\"query-input\":{\"@type\":\"PropertyValueSpecification\",\"valueRequired\":true,\"valueName\":\"search_term_string\"}}],\"inLanguage\":\"ca\"},{\"@type\":\"Organization\",\"@id\":\"https:\\\/\\\/finquescompte.com\\\/#organization\",\"name\":\"Finques Compte\",\"url\":\"https:\\\/\\\/finquescompte.com\\\/\",\"logo\":{\"@type\":\"ImageObject\",\"inLanguage\":\"ca\",\"@id\":\"https:\\\/\\\/finquescompte.com\\\/#\\\/schema\\\/logo\\\/image\\\/\",\"url\":\"https:\\\/\\\/finquescompte.com\\\/wp-content\\\/uploads\\\/2021\\\/02\\\/logo.png\",\"contentUrl\":\"https:\\\/\\\/finquescompte.com\\\/wp-content\\\/uploads\\\/2021\\\/02\\\/logo.png\",\"width\":191,\"height\":80,\"caption\":\"Finques Compte\"},\"image\":{\"@id\":\"https:\\\/\\\/finquescompte.com\\\/#\\\/schema\\\/logo\\\/image\\\/\"},\"sameAs\":[\"https:\\\/\\\/www.facebook.com\\\/Manel-Compte-1114692618658850\"]}]}<\/script>\n<!-- \/ Yoast SEO plugin. -->","yoast_head_json":{"title":"Comunitats - Finques Compte immobili\u00e0ria a Figueres","robots":{"index":"index","follow":"follow","max-snippet":"max-snippet:-1","max-image-preview":"max-image-preview:large","max-video-preview":"max-video-preview:-1"},"canonical":"https:\/\/finquescompte.com\/ca\/comunitats-finques-compte-figueres-girona\/","og_locale":"ca_ES","og_type":"article","og_title":"Comunitats - Finques Compte immobili\u00e0ria a Figueres","og_description":"A Finques Compte estem especialitzats en Administraci\u00f3 de Comunitats de Propietaris. M\u00e9s de 30 anys d&#8217;experi\u00e8ncia ens avalen per exercir amb professionalitat i total confian\u00e7a. Manel Compte Bosch pertany al Col\u00b7legi d&#8217;Administradors de Girona, un fet que d\u00f3na totes les garanties de que la seva Comunitat de Propietaris est\u00e0 en mans de professionals que vetllen&hellip;&nbsp;Llegiu m\u00e9s &raquo;Comunitats","og_url":"https:\/\/finquescompte.com\/ca\/comunitats-finques-compte-figueres-girona\/","og_site_name":"Finques Compte immobili\u00e0ria a Figueres","article_publisher":"https:\/\/www.facebook.com\/Manel-Compte-1114692618658850","article_modified_time":"2021-02-24T12:08:10+00:00","og_image":[{"url":"https:\/\/finquescompte.com\/wp-content\/uploads\/2021\/02\/Cat_OpcioMove.gif","type":"","width":"","height":""}],"twitter_card":"summary_large_image","twitter_misc":{"Temps estimat de lectura":"1 minut"},"schema":{"@context":"https:\/\/schema.org","@graph":[{"@type":"WebPage","@id":"https:\/\/finquescompte.com\/ca\/comunitats-finques-compte-figueres-girona\/","url":"https:\/\/finquescompte.com\/ca\/comunitats-finques-compte-figueres-girona\/","name":"Comunitats - Finques Compte immobili\u00e0ria a Figueres","isPartOf":{"@id":"https:\/\/finquescompte.com\/#website"},"primaryImageOfPage":{"@id":"https:\/\/finquescompte.com\/ca\/comunitats-finques-compte-figueres-girona\/#primaryimage"},"image":{"@id":"https:\/\/finquescompte.com\/ca\/comunitats-finques-compte-figueres-girona\/#primaryimage"},"thumbnailUrl":"https:\/\/finquescompte.com\/wp-content\/uploads\/2021\/02\/Cat_OpcioMove.gif","datePublished":"2021-02-24T12:07:58+00:00","dateModified":"2021-02-24T12:08:10+00:00","breadcrumb":{"@id":"https:\/\/finquescompte.com\/ca\/comunitats-finques-compte-figueres-girona\/#breadcrumb"},"inLanguage":"ca","potentialAction":[{"@type":"ReadAction","target":["https:\/\/finquescompte.com\/ca\/comunitats-finques-compte-figueres-girona\/"]}]},{"@type":"ImageObject","inLanguage":"ca","@id":"https:\/\/finquescompte.com\/ca\/comunitats-finques-compte-figueres-girona\/#primaryimage","url":"https:\/\/finquescompte.com\/wp-content\/uploads\/2021\/02\/Cat_OpcioMove.gif","contentUrl":"https:\/\/finquescompte.com\/wp-content\/uploads\/2021\/02\/Cat_OpcioMove.gif"},{"@type":"BreadcrumbList","@id":"https:\/\/finquescompte.com\/ca\/comunitats-finques-compte-figueres-girona\/#breadcrumb","itemListElement":[{"@type":"ListItem","position":1,"name":"Portada","item":"https:\/\/finquescompte.com\/ca\/"},{"@type":"ListItem","position":2,"name":"Comunitats"}]},{"@type":"WebSite","@id":"https:\/\/finquescompte.com\/#website","url":"https:\/\/finquescompte.com\/","name":"Finques Compte inmobiliaria en Figueres, Girona.","description":"Si vol vendre, comprar o busca lloguer, l 'ajudarem a gestionar-ho o trobar la seva casa, pis, apartament, local, garatge.","publisher":{"@id":"https:\/\/finquescompte.com\/#organization"},"potentialAction":[{"@type":"SearchAction","target":{"@type":"EntryPoint","urlTemplate":"https:\/\/finquescompte.com\/?s={search_term_string}"},"query-input":{"@type":"PropertyValueSpecification","valueRequired":true,"valueName":"search_term_string"}}],"inLanguage":"ca"},{"@type":"Organization","@id":"https:\/\/finquescompte.com\/#organization","name":"Finques Compte","url":"https:\/\/finquescompte.com\/","logo":{"@type":"ImageObject","inLanguage":"ca","@id":"https:\/\/finquescompte.com\/#\/schema\/logo\/image\/","url":"https:\/\/finquescompte.com\/wp-content\/uploads\/2021\/02\/logo.png","contentUrl":"https:\/\/finquescompte.com\/wp-content\/uploads\/2021\/02\/logo.png","width":191,"height":80,"caption":"Finques Compte"},"image":{"@id":"https:\/\/finquescompte.com\/#\/schema\/logo\/image\/"},"sameAs":["https:\/\/www.facebook.com\/Manel-Compte-1114692618658850"]}]}},"_links":{"self":[{"href":"https:\/\/finquescompte.com\/ca\/wp-json\/wp\/v2\/pages\/462","targetHints":{"allow":["GET"]}}],"collection":[{"href":"https:\/\/finquescompte.com\/ca\/wp-json\/wp\/v2\/pages"}],"about":[{"href":"https:\/\/finquescompte.com\/ca\/wp-json\/wp\/v2\/types\/page"}],"author":[{"embeddable":true,"href":"https:\/\/finquescompte.com\/ca\/wp-json\/wp\/v2\/users\/1"}],"replies":[{"embeddable":true,"href":"https:\/\/finquescompte.com\/ca\/wp-json\/wp\/v2\/comments?post=462"}],"version-history":[{"count":2,"href":"https:\/\/finquescompte.com\/ca\/wp-json\/wp\/v2\/pages\/462\/revisions"}],"predecessor-version":[{"id":464,"href":"https:\/\/finquescompte.com\/ca\/wp-json\/wp\/v2\/pages\/462\/revisions\/464"}],"wp:attachment":[{"href":"https:\/\/finquescompte.com\/ca\/wp-json\/wp\/v2\/media?parent=462"}],"curies":[{"name":"wp","href":"https:\/\/api.w.org\/{rel}","templated":true}]}}