{"id":449,"date":"2021-02-24T12:00:22","date_gmt":"2021-02-24T12:00:22","guid":{"rendered":"https:\/\/finquescompte.com\/finques-compte\/"},"modified":"2021-02-24T12:01:07","modified_gmt":"2021-02-24T12:01:07","slug":"qui-som-finques-compte-figueres","status":"publish","type":"page","link":"https:\/\/finquescompte.com\/ca\/qui-som-finques-compte-figueres\/","title":{"rendered":"Finques Compte"},"content":{"rendered":"\n<p>Finques Compte \u00e9s una empresa especialitzada en Administraci\u00f3 de Finques i en el sector immobiliari. Les nostres oficines estan situades al centre de Figueres, al carrer Pep Ventura, n\u00famero 10 i a prop del Museu Dal\u00ed.<\/p>\n\n\n\n<p>Manel Compte Bosch, el gerent de l&#8217;empresa, es va iniciar en l&#8217;administraci\u00f3 de Comunitats de propietaris l &#8216;any 1985. Est\u00e0 recolzat pel Col\u00b7legi d&#8217;Administradors de Finques de Girona amb el n\u00famero de col\u00b7legiat 517 i tamb\u00e9 inscrit al Registre d&#8217;Agents Immobiliaris de Catalunya (AICAT) amb el n\u00famero 2117. M\u00e9s de 30 anys d&#8217;experi\u00e8ncia en el sector l&#8217;avalen per exercir com administrador amb total confian\u00e7a.<\/p>\n\n\n\n<p>Finques Compte disposa de grans professionals qualificats amb \u00e0mplia experi\u00e8ncia en el sector, tant en el \u00e0mbit de Comunitats de Propietaris com en l&#8217;immobiliari.<\/p>\n\n\n\n<p>Els valors de l&#8217;empresa s\u00f3n treballar amb transpar\u00e8ncia, professionalitat i organitzaci\u00f3.<\/p>\n\n\n\n<p>Ens agrada tenir contacte directe amb els nostres clients per oferir el millor servei, donar serveis personalitzats i de qualitat, assessorament i gesti\u00f3 adequada a la consulta de cada client amb efic\u00e0cia i confidencialitat.<\/p>\n\n\n\n<p>Oferim serveis immobiliaris en compra, venda i lloguer, comunitats de propietaris i tot tipus de gestions relacionades amb el seu habitatge.<\/p>\n","protected":false},"excerpt":{"rendered":"<p>Finques Compte \u00e9s una empresa especialitzada en Administraci\u00f3 de Finques i en el sector immobiliari. Les nostres oficines estan situades al centre de Figueres, al carrer Pep Ventura, n\u00famero 10 i a prop del Museu Dal\u00ed. Manel Compte Bosch, el gerent de l&#8217;empresa, es va iniciar en l&#8217;administraci\u00f3 de Comunitats de propietaris l &#8216;any 1985.&hellip;&nbsp;<a href=\"https:\/\/finquescompte.com\/ca\/qui-som-finques-compte-figueres\/\" rel=\"bookmark\">Llegiu m\u00e9s &raquo;<span class=\"screen-reader-text\">Finques Compte<\/span><\/a><\/p>\n","protected":false},"author":1,"featured_media":0,"parent":0,"menu_order":0,"comment_status":"closed","ping_status":"closed","template":"","meta":{"_exactmetrics_skip_tracking":false,"_exactmetrics_sitenote_active":false,"_exactmetrics_sitenote_note":"","_exactmetrics_sitenote_category":0,"neve_meta_sidebar":"right","neve_meta_container":"","neve_meta_enable_content_width":"off","neve_meta_content_width":100,"neve_meta_title_alignment":"","neve_meta_author_avatar":"","neve_post_elements_order":"","neve_meta_disable_header":"","neve_meta_disable_footer":"","neve_meta_disable_title":"","footnotes":""},"class_list":["post-449","page","type-page","status-publish","hentry"],"yoast_head":"<!-- This site is optimized with the Yoast SEO plugin v27.6 - https:\/\/yoast.com\/product\/yoast-seo-wordpress\/ -->\n<title>Finques Compte - Finques Compte immobili\u00e0ria a Figueres<\/title>\n<meta name=\"robots\" content=\"index, follow, max-snippet:-1, max-image-preview:large, max-video-preview:-1\" \/>\n<link rel=\"canonical\" href=\"https:\/\/finquescompte.com\/ca\/qui-som-finques-compte-figueres\/\" \/>\n<meta property=\"og:locale\" content=\"ca_ES\" \/>\n<meta property=\"og:type\" content=\"article\" \/>\n<meta property=\"og:title\" content=\"Finques Compte - Finques Compte immobili\u00e0ria a Figueres\" \/>\n<meta property=\"og:description\" content=\"Finques Compte \u00e9s una empresa especialitzada en Administraci\u00f3 de Finques i en el sector immobiliari. Les nostres oficines estan situades al centre de Figueres, al carrer Pep Ventura, n\u00famero 10 i a prop del Museu Dal\u00ed. Manel Compte Bosch, el gerent de l&#8217;empresa, es va iniciar en l&#8217;administraci\u00f3 de Comunitats de propietaris l &#8216;any 1985.&hellip;&nbsp;Llegiu m\u00e9s &raquo;Finques Compte\" \/>\n<meta property=\"og:url\" content=\"https:\/\/finquescompte.com\/ca\/qui-som-finques-compte-figueres\/\" \/>\n<meta property=\"og:site_name\" content=\"Finques Compte immobili\u00e0ria a Figueres\" \/>\n<meta property=\"article:publisher\" content=\"https:\/\/www.facebook.com\/Manel-Compte-1114692618658850\" \/>\n<meta property=\"article:modified_time\" content=\"2021-02-24T12:01:07+00:00\" \/>\n<meta name=\"twitter:card\" content=\"summary_large_image\" \/>\n<meta name=\"twitter:label1\" content=\"Temps estimat de lectura\" \/>\n\t<meta name=\"twitter:data1\" content=\"1 minut\" \/>\n<script type=\"application\/ld+json\" class=\"yoast-schema-graph\">{\"@context\":\"https:\\\/\\\/schema.org\",\"@graph\":[{\"@type\":\"WebPage\",\"@id\":\"https:\\\/\\\/finquescompte.com\\\/ca\\\/qui-som-finques-compte-figueres\\\/\",\"url\":\"https:\\\/\\\/finquescompte.com\\\/ca\\\/qui-som-finques-compte-figueres\\\/\",\"name\":\"Finques Compte - Finques Compte immobili\u00e0ria a Figueres\",\"isPartOf\":{\"@id\":\"https:\\\/\\\/finquescompte.com\\\/#website\"},\"datePublished\":\"2021-02-24T12:00:22+00:00\",\"dateModified\":\"2021-02-24T12:01:07+00:00\",\"breadcrumb\":{\"@id\":\"https:\\\/\\\/finquescompte.com\\\/ca\\\/qui-som-finques-compte-figueres\\\/#breadcrumb\"},\"inLanguage\":\"ca\",\"potentialAction\":[{\"@type\":\"ReadAction\",\"target\":[\"https:\\\/\\\/finquescompte.com\\\/ca\\\/qui-som-finques-compte-figueres\\\/\"]}]},{\"@type\":\"BreadcrumbList\",\"@id\":\"https:\\\/\\\/finquescompte.com\\\/ca\\\/qui-som-finques-compte-figueres\\\/#breadcrumb\",\"itemListElement\":[{\"@type\":\"ListItem\",\"position\":1,\"name\":\"Portada\",\"item\":\"https:\\\/\\\/finquescompte.com\\\/ca\\\/\"},{\"@type\":\"ListItem\",\"position\":2,\"name\":\"Finques Compte\"}]},{\"@type\":\"WebSite\",\"@id\":\"https:\\\/\\\/finquescompte.com\\\/#website\",\"url\":\"https:\\\/\\\/finquescompte.com\\\/\",\"name\":\"Finques Compte inmobiliaria en Figueres, Girona.\",\"description\":\"Si vol vendre, comprar o busca lloguer, l 'ajudarem a gestionar-ho o trobar la seva casa, pis, apartament, local, garatge.\",\"publisher\":{\"@id\":\"https:\\\/\\\/finquescompte.com\\\/#organization\"},\"potentialAction\":[{\"@type\":\"SearchAction\",\"target\":{\"@type\":\"EntryPoint\",\"urlTemplate\":\"https:\\\/\\\/finquescompte.com\\\/?s={search_term_string}\"},\"query-input\":{\"@type\":\"PropertyValueSpecification\",\"valueRequired\":true,\"valueName\":\"search_term_string\"}}],\"inLanguage\":\"ca\"},{\"@type\":\"Organization\",\"@id\":\"https:\\\/\\\/finquescompte.com\\\/#organization\",\"name\":\"Finques Compte\",\"url\":\"https:\\\/\\\/finquescompte.com\\\/\",\"logo\":{\"@type\":\"ImageObject\",\"inLanguage\":\"ca\",\"@id\":\"https:\\\/\\\/finquescompte.com\\\/#\\\/schema\\\/logo\\\/image\\\/\",\"url\":\"https:\\\/\\\/finquescompte.com\\\/wp-content\\\/uploads\\\/2021\\\/02\\\/logo.png\",\"contentUrl\":\"https:\\\/\\\/finquescompte.com\\\/wp-content\\\/uploads\\\/2021\\\/02\\\/logo.png\",\"width\":191,\"height\":80,\"caption\":\"Finques Compte\"},\"image\":{\"@id\":\"https:\\\/\\\/finquescompte.com\\\/#\\\/schema\\\/logo\\\/image\\\/\"},\"sameAs\":[\"https:\\\/\\\/www.facebook.com\\\/Manel-Compte-1114692618658850\"]}]}<\/script>\n<!-- \/ Yoast SEO plugin. -->","yoast_head_json":{"title":"Finques Compte - Finques Compte immobili\u00e0ria a Figueres","robots":{"index":"index","follow":"follow","max-snippet":"max-snippet:-1","max-image-preview":"max-image-preview:large","max-video-preview":"max-video-preview:-1"},"canonical":"https:\/\/finquescompte.com\/ca\/qui-som-finques-compte-figueres\/","og_locale":"ca_ES","og_type":"article","og_title":"Finques Compte - Finques Compte immobili\u00e0ria a Figueres","og_description":"Finques Compte \u00e9s una empresa especialitzada en Administraci\u00f3 de Finques i en el sector immobiliari. Les nostres oficines estan situades al centre de Figueres, al carrer Pep Ventura, n\u00famero 10 i a prop del Museu Dal\u00ed. Manel Compte Bosch, el gerent de l&#8217;empresa, es va iniciar en l&#8217;administraci\u00f3 de Comunitats de propietaris l &#8216;any 1985.&hellip;&nbsp;Llegiu m\u00e9s &raquo;Finques Compte","og_url":"https:\/\/finquescompte.com\/ca\/qui-som-finques-compte-figueres\/","og_site_name":"Finques Compte immobili\u00e0ria a Figueres","article_publisher":"https:\/\/www.facebook.com\/Manel-Compte-1114692618658850","article_modified_time":"2021-02-24T12:01:07+00:00","twitter_card":"summary_large_image","twitter_misc":{"Temps estimat de lectura":"1 minut"},"schema":{"@context":"https:\/\/schema.org","@graph":[{"@type":"WebPage","@id":"https:\/\/finquescompte.com\/ca\/qui-som-finques-compte-figueres\/","url":"https:\/\/finquescompte.com\/ca\/qui-som-finques-compte-figueres\/","name":"Finques Compte - Finques Compte immobili\u00e0ria a Figueres","isPartOf":{"@id":"https:\/\/finquescompte.com\/#website"},"datePublished":"2021-02-24T12:00:22+00:00","dateModified":"2021-02-24T12:01:07+00:00","breadcrumb":{"@id":"https:\/\/finquescompte.com\/ca\/qui-som-finques-compte-figueres\/#breadcrumb"},"inLanguage":"ca","potentialAction":[{"@type":"ReadAction","target":["https:\/\/finquescompte.com\/ca\/qui-som-finques-compte-figueres\/"]}]},{"@type":"BreadcrumbList","@id":"https:\/\/finquescompte.com\/ca\/qui-som-finques-compte-figueres\/#breadcrumb","itemListElement":[{"@type":"ListItem","position":1,"name":"Portada","item":"https:\/\/finquescompte.com\/ca\/"},{"@type":"ListItem","position":2,"name":"Finques Compte"}]},{"@type":"WebSite","@id":"https:\/\/finquescompte.com\/#website","url":"https:\/\/finquescompte.com\/","name":"Finques Compte inmobiliaria en Figueres, Girona.","description":"Si vol vendre, comprar o busca lloguer, l 'ajudarem a gestionar-ho o trobar la seva casa, pis, apartament, local, garatge.","publisher":{"@id":"https:\/\/finquescompte.com\/#organization"},"potentialAction":[{"@type":"SearchAction","target":{"@type":"EntryPoint","urlTemplate":"https:\/\/finquescompte.com\/?s={search_term_string}"},"query-input":{"@type":"PropertyValueSpecification","valueRequired":true,"valueName":"search_term_string"}}],"inLanguage":"ca"},{"@type":"Organization","@id":"https:\/\/finquescompte.com\/#organization","name":"Finques Compte","url":"https:\/\/finquescompte.com\/","logo":{"@type":"ImageObject","inLanguage":"ca","@id":"https:\/\/finquescompte.com\/#\/schema\/logo\/image\/","url":"https:\/\/finquescompte.com\/wp-content\/uploads\/2021\/02\/logo.png","contentUrl":"https:\/\/finquescompte.com\/wp-content\/uploads\/2021\/02\/logo.png","width":191,"height":80,"caption":"Finques Compte"},"image":{"@id":"https:\/\/finquescompte.com\/#\/schema\/logo\/image\/"},"sameAs":["https:\/\/www.facebook.com\/Manel-Compte-1114692618658850"]}]}},"_links":{"self":[{"href":"https:\/\/finquescompte.com\/ca\/wp-json\/wp\/v2\/pages\/449","targetHints":{"allow":["GET"]}}],"collection":[{"href":"https:\/\/finquescompte.com\/ca\/wp-json\/wp\/v2\/pages"}],"about":[{"href":"https:\/\/finquescompte.com\/ca\/wp-json\/wp\/v2\/types\/page"}],"author":[{"embeddable":true,"href":"https:\/\/finquescompte.com\/ca\/wp-json\/wp\/v2\/users\/1"}],"replies":[{"embeddable":true,"href":"https:\/\/finquescompte.com\/ca\/wp-json\/wp\/v2\/comments?post=449"}],"version-history":[{"count":3,"href":"https:\/\/finquescompte.com\/ca\/wp-json\/wp\/v2\/pages\/449\/revisions"}],"predecessor-version":[{"id":452,"href":"https:\/\/finquescompte.com\/ca\/wp-json\/wp\/v2\/pages\/449\/revisions\/452"}],"wp:attachment":[{"href":"https:\/\/finquescompte.com\/ca\/wp-json\/wp\/v2\/media?parent=449"}],"curies":[{"name":"wp","href":"https:\/\/api.w.org\/{rel}","templated":true}]}}